{"id":73556,"date":"2018-12-27T12:39:07","date_gmt":"2018-12-27T11:39:07","guid":{"rendered":"http:\/\/localhost:8888\/wordpress_1\/?page_id=73556"},"modified":"2019-11-09T19:19:56","modified_gmt":"2019-11-09T18:19:56","slug":"terrasound","status":"publish","type":"page","link":"http:\/\/www.terrasound.eu\/wordpress\/","title":{"rendered":"TerraSound"},"content":{"rendered":"<section class=\"wpb-content-wrapper\"><p>[vc_row][vc_column width=&#8220;1\/1&#8243;][vc_column_text]<\/p>\n<h2>Erschienen auf TerraSound!<\/h2>\n<table border=\"0\" width=\"100%\" cellspacing=\"20\" cellpadding=\"3\">\n<colgroup span=\"2\" width=\"50%\"><\/colgroup>\n<tbody>\n<tr>\n<td><img decoding=\"async\" class=\"fl\" src=\"http:\/\/www.terrasound.eu\/wordpress\/wp-content\/uploads\/Alles&amp;Mehr Cover HP.jpg\" alt=\"\" width=\"350\" height=\"350\" \/><\/td>\n<td><a href=\"https:\/\/itunes.apple.com\/de\/album\/alles-mehr\/id686751472\" target=\"_blank\" rel=\"noopener noreferrer\"><img decoding=\"async\" title=\"iTunes\" src=\"http:\/\/www.terrasound.eu\/wordpress\/wp-content\/uploads\/iTunes.jpg\" alt=\"\" width=\"100\" height=\"30\" \/><\/a><br \/>\n<a href=\" http:\/\/www.youtube.com\/watch?v=pgLW3oZnDR8&amp;feature=c4- overview&amp;list=UUVImGZETVZAFONAt5DUm9CQ\" target=\"_blank\" rel=\"noopener noreferrer\"><img decoding=\"async\" title=\"YouTube\" src=\"http:\/\/www.terrasound.eu\/wordpress\/wp-content\/uploads\/Youtube Spacehelmet .jpg\" alt=\"\" width=\"100\" height=\"30\" \/><\/a><br \/>\n<a href=\" http:\/\/www.amazon.de\/Alles-Mehr\/dp\/B00EFT9VIO\/ref=sr_shvl_album_1\/278-9353789- 8608632?ie=UTF8&amp;qid=1378459467&amp;sr=301-1\" target=\"_blank\" rel=\"noopener noreferrer\"><img decoding=\"async\" title=\"Amazon\" src=\"http:\/\/www.terrasound.eu\/wordpress\/wp-content\/uploads\/Amazon-.jpg\" alt=\"\" width=\"100\" height=\"30\" \/><\/a><\/td>\n<\/tr>\n<\/tbody>\n<\/table>\n<p>Innige, positive Musik mit deutschsprachigen Raps \u2013 Samadhi\u2019s erstes Album \u201eAlles&amp;Mehr\u201c<br \/>\nbesinnt sich auf den Sound, wie er einst urspr\u00fcnglich aus dem Herzen Stuttgarts zu h\u00f6ren war. In seinen Texten erz\u00e4hlt Samadhi Geschichten aus dem t\u00e4glichen Leben, die durch mit viel Erfahrung gestalteten, stimmungsvollen, eing\u00e4ngigen Beats von Tommy W. zum besonderen Erlebnis werden.<br \/>\nFeatures wie Leo, Adulis oder Fabio Battista unterst\u00fctzen mit ihren charismatischen Stimmen und vervollkommnen so die Platte.<\/p>\n<p>Das Deb\u00fctalbum ist nicht nur was f\u00fcr Hip-Hop Fans! In Samadhi\u2019s Erz\u00e4hlungen entdeckt jeder ein St\u00fcck aus dem eigenen Leben, die Melodien gehen ins Ohr. F\u00fcr jede Laune bietet Samadhi den passenden Song. Der Musiker zeigt: Hip-Hop kann viel mehr als Gangsta Rap!<\/p>\n<p>Das Album ist auf allen g\u00e4ngigen Onlineplattformen (iTunes, Amazon, MusicLoad, etc.) erh\u00e4ltlich.<\/p>\n<p>Drei Videos sind bereits abgedreht und auf YouTube zu sehen unter:<br \/>\n<a href=\"http:\/\/www.youtube.com\/TerraSoundTV \">http:\/\/www.youtube.com\/TerraSoundTV<br \/>\n<\/a><br \/>\n<a href=\"http:\/\/www.terrasound.eu\/wordpress\/wp-content\/uploads\/Samadhi Pressemappe 2013.pdf\">Mehr&gt;&gt;<br \/>\n<\/a><\/p>\n<table style=\"border-bottom: dotted 1px #424242;\" width=\"100%\">\n<tbody>\n<tr>\n<td><\/td>\n<\/tr>\n<\/tbody>\n<\/table>\n<p>&nbsp;<\/p>\n<table border=\"0\" width=\"100%\" cellspacing=\"20\" cellpadding=\"3\">\n<colgroup span=\"2\" width=\"50%\"><\/colgroup>\n<tbody>\n<tr>\n<td><img decoding=\"async\" class=\"fl\" src=\"http:\/\/www.terrasound.eu\/wordpress\/wp-content\/uploads\/MachNeu Cover HP.jpg\" alt=\"\" width=\"350\" height=\"350\" \/><\/td>\n<td><a href=\"https:\/\/itunes.apple.com\/de\/album\/mach-neu-feat.-leo-single\/id686738285\" target=\"_blank\" rel=\"noopener noreferrer\"><img decoding=\"async\" title=\"iTunes\" src=\"http:\/\/www.terrasound.eu\/wordpress\/wp-content\/uploads\/iTunes.jpg\" alt=\"\" width=\"100\" height=\"30\" \/><\/a><br \/>\n<a href=\"http:\/\/www.youtube.com\/watch?v=pgLW3oZnDR8&amp;feature=c4- overview&amp;list=UUVImGZETVZAFONAt5DUm9CQ\" target=\"_blank\" rel=\"noopener noreferrer\"><img decoding=\"async\" title=\"YouTube\" src=\"http:\/\/www.terrasound.eu\/wordpress\/wp-content\/uploads\/Youtube Spacehelmet .jpg\" alt=\"\" width=\"100\" height=\"30\" \/><\/a><br \/>\n<a href=\"http:\/\/www.amazon.de\/Mach-Neu-Feat-Leo\/dp\/B00EFQMVJ8\" target=\"_blank\" rel=\"noopener noreferrer\"><img decoding=\"async\" title=\"Amazon\" src=\"http:\/\/www.terrasound.eu\/wordpress\/wp-content\/uploads\/Amazon-.jpg\" alt=\"\" width=\"100\" height=\"30\" \/><\/a><\/td>\n<\/tr>\n<\/tbody>\n<\/table>\n<p>Stuttgarter Hip-Hop, wie er sein sollte: ehrlich, erz\u00e4hlend, mit guten Texten und einem Deluxe Beat. Samadhi\u2019s zweite Singleauskopplung \u201eMach Neu\u201c feat. Leo aus dem Deb\u00fctalbum \u201eAlles &amp;mehr\u201c ist wie ein Soundtrack zu einem Film. Gemeinsam mit Produzent Tommy W. entstand ein Song, der den guten s\u00fcddeutschen Hip-Hop feiert und dabei eine Geschichte erz\u00e4hlt, in der sich jeder wiederfindet. S\u00e4ngerin Leo passt mit ihrer wundervollen Stimme perfekt zur Story von Junge und M\u00e4dchen und dem lieben alten Beziehungsdrama. So alt die Geschichte, so neu klingt dabei Samadhi\u2019s Sound. Positiv und aus dem Leben gegriffen \u2013 keine Spur von prolligem Gangsta-Rap. Hip-Hop f\u00fcr jeden \u2013 einfach gut.<br \/>\nDas Video zur Single ist bereits abgedreht und auf YouTube zu sehen unter:<br \/>\n<a href=\"http:\/\/www.youtube.com\/watch?v=pgLW3oZnDR8&amp;feature=c4- overview&amp;list=UUVImGZETVZAFONAt5DUm9CQ\"> http:\/\/www.youtube.com\/TerraSoundTV<br \/>\n<\/a><br \/>\n<a href=\"http:\/\/www.terrasound.eu\/wordpress\/wp-content\/uploads\/Samadhi Pressemappe 2013.pdf\">Mehr&gt;&gt;<br \/>\n<\/a><\/p>\n<table style=\"border-bottom: dotted 1px #424242;\" width=\"100%\">\n<tbody>\n<tr>\n<td><\/td>\n<\/tr>\n<\/tbody>\n<\/table>\n<p><span style=\"font-size: xx-small;\">\u00a0<\/span><\/p>\n<table border=\"0\" width=\"100%\" cellspacing=\"20\" cellpadding=\"3\">\n<colgroup span=\"2\" width=\"50%\"><\/colgroup>\n<tbody>\n<tr>\n<td><img decoding=\"async\" class=\"fl\" src=\"http:\/\/www.terrasound.eu\/wordpress\/wp-content\/uploads\/SAMADHI -WAS-.jpg\" alt=\"\" width=\"350\" height=\"350\" \/><\/td>\n<td><a href=\"https:\/\/itunes.apple.com\/de\/album\/was-single\/id659721451\" target=\"_blank\" rel=\"noopener noreferrer\"><img decoding=\"async\" title=\"iTunes\" src=\"http:\/\/www.terrasound.eu\/wordpress\/wp-content\/uploads\/iTunes.jpg\" alt=\"\" width=\"100\" height=\"30\" \/><\/a><br \/>\n<a href=\" http:\/\/www.youtube.com\/watch?v=osatLWzcthg&amp;feature=c4-overview&amp;list=UUVImGZETVZAFONAt5DUm9CQ\" target=\"_blank\" rel=\"noopener noreferrer\"><img decoding=\"async\" title=\"YouTube\" src=\"http:\/\/www.terrasound.eu\/wordpress\/wp-content\/uploads\/Youtube Spacehelmet .jpg\" alt=\"\" width=\"100\" height=\"30\" \/><\/a><br \/>\n<a href=\"http:\/\/www.amazon.de\/Was\/dp\/B00D9JJXEI\/ref=sr_1_1?ie=UTF8&amp;qid=1373042833&amp;sr=8-1&amp;keywords=samadhi+was\/\" target=\"_blank\" rel=\"noopener noreferrer\"><img decoding=\"async\" title=\"Amazon\" src=\"http:\/\/www.terrasound.eu\/wordpress\/wp-content\/uploads\/Amazon-.jpg\" alt=\"\" width=\"100\" height=\"30\" \/><\/a><\/td>\n<\/tr>\n<\/tbody>\n<\/table>\n<p>Die Single \u201eWAS\u201c ist die erste Auskopplung aus dem Album \u201eALLES &amp; MEHR\u201c des Stuttgarter Rappers Samadhi. Produziert wurde der Song von Tommy W. Hierf\u00fcr wurde auch ein Videoclip gedreht.<br \/>\nDer Song ist eine Mischung aus geflowten Raps, eing\u00e4ngigen Hooklines, einem treibenden HipHop-Instrumental, unterst\u00fctzt durch eine Marching-Band.<br \/>\nSamahdi m\u00f6chte mit seinen Songs \u201eHipHop leben\u201c, weg von den \u00fcblichen Gangsta-Floskeln und mehr hin zur ironischen Leichtigkeit. Gerne auch mal sich selbst auf die Schippe nehmend. Die Single \u201eWAS\u201c kombiniert seine Leidenschaft zur HipHop Musik in ihrer Essenz, mit einem Augenzwinkern auf die Entwicklung, die diese derzeit durchmacht.<br \/>\nSein Album \u201eALLES &amp; MEHR\u201c erscheint am 06. September 2013.<br \/>\n<a href=\"http:\/\/www.terrasound.eu\/wordpress\/wp-content\/uploads\/Samadhi Pressemappe 2013.pdf\">Mehr&gt;&gt;<\/a><\/p>\n<table style=\"border-bottom: dotted 1px #424242;\" width=\"100%\">\n<tbody>\n<tr>\n<td><\/td>\n<\/tr>\n<\/tbody>\n<\/table>\n<p><span style=\"font-size: xx-small;\">\u00a0<\/span><\/p>\n<table border=\"0\" width=\"100%\" cellspacing=\"20\" cellpadding=\"3\">\n<colgroup span=\"2\" width=\"50%\"><\/colgroup>\n<tbody>\n<tr>\n<td><img decoding=\"async\" class=\"fl\" src=\"http:\/\/www.terrasound.eu\/wordpress\/wp-content\/uploads\/Leben in vollen Z\u00fcgen Cover.jpg\" alt=\"\" width=\"350\" height=\"350\" \/><\/td>\n<td><a href=\"http:\/\/itunes.apple.com\/de\/album\/leben-in-vollen-zugen\/id487005380\" target=\"_blank\" rel=\"noopener noreferrer\"><img decoding=\"async\" title=\"iTunes\" src=\"http:\/\/www.terrasound.eu\/wordpress\/wp-content\/uploads\/iTunes.jpg\" alt=\"\" width=\"100\" height=\"30\" \/><\/a><br \/>\n<a href=\"http:\/\/www.djshop.de\/Download-Jifusi-Leben%2B-%2BIn%2Bvollen%2BZ%25FCgen\/ex\/s~details,u~1000010696,p1~mp3\/xe\/details.html\" target=\"_blank\" rel=\"noopener noreferrer\"><img decoding=\"async\" title=\"djshop\" src=\"http:\/\/www.terrasound.eu\/wordpress\/wp-content\/uploads\/logo_de_top.png\" alt=\"\" width=\"110\" height=\"35\" \/><\/a><\/td>\n<\/tr>\n<\/tbody>\n<\/table>\n<p>\u201eLeben in vollen Z\u00fcgen\u201c ist nach diversen Mixtapes, das erste Album von Jifusi. Hierauf pr\u00e4sentiert er sich das erste Mal von seiner melancholischeren Seite. Die Lyrics formen Bilder und nehmen den Zuh\u00f6rer mit auf eine Reise. Es ist ein Wechselspiel aus Energie, Melancholie und fesselnden Zeilen. Neben Tommy W. pr\u00e4gen Produktionen von AslanBeatz und White Chocolate das Gesamtbild dieser Platte. \u201eLeben in vollen Z\u00fcgen\u201c zeigt eine neue Perspektive auf den K\u00fcnstler. Durch das gesamte Album zieht sich ein roter Faden, der eine Geschichte erz\u00e4hlt. Zudem<br \/>\nkommt Jifusi komplett ohne Featureg\u00e4ste aus und schafft es, v\u00f6llig selbstst\u00e4ndig diese Platte zu einem H\u00f6rgenuss zu machen.<\/p>\n<table style=\"border-bottom: dotted 1px #424242;\" width=\"100%\">\n<tbody>\n<tr>\n<td><\/td>\n<\/tr>\n<\/tbody>\n<\/table>\n<p><span style=\"font-size: xx-small;\">\u00a0<\/span><\/p>\n<table border=\"0\" width=\"100%\" cellspacing=\"20\" cellpadding=\"3\">\n<colgroup span=\"2\" width=\"50%\"><\/colgroup>\n<tbody>\n<tr>\n<td><img decoding=\"async\" class=\"fl\" src=\"http:\/\/www.terrasound.eu\/wordpress\/wp-content\/uploads\/Jifusi Solang Cover.jpg\" alt=\"\" width=\"350\" height=\"350\" \/><\/td>\n<td><a href=\"http:\/\/itunes.apple.com\/de\/album\/solang-single\/id483604620\" target=\"_blank\" rel=\"noopener noreferrer\"><img decoding=\"async\" title=\"iTunes\" src=\"http:\/\/www.terrasound.eu\/wordpress\/wp-content\/uploads\/iTunes.jpg\" alt=\"\" width=\"100\" height=\"30\" \/><\/a><br \/>\n<a href=\"http:\/\/www.youtube.com\/terrasoundtv\" target=\"_blank\" rel=\"noopener noreferrer\"><img decoding=\"async\" title=\"YouTube\" src=\"http:\/\/www.terrasound.eu\/wordpress\/wp-content\/uploads\/Youtube Spacehelmet .jpg\" alt=\"\" width=\"100\" height=\"30\" \/><\/a><\/td>\n<\/tr>\n<\/tbody>\n<\/table>\n<p>Die Single ist die erste Auskopplung aus seinem Album \u201eLeben in vollen Z\u00fcgen\u201c, das am 16.12.2011<br \/>\nerscheint. &#8222;Ich schlie\u00df&#8216; die Augen, f\u00fchl&#8216; den Beat und lass&#8216; mich von ihm f\u00fchren&#8220; \u2013 Jifusi z\u00e4hlt wohl zu den authentischsten HipHop-Acts, die derzeit in der deutschsprachigen Rapszene aktiv sind. Der Stuttgarter kann bereits auf zahlreiche Zusammenarbeiten mit bekannten Genregr\u00f6\u00dfen zur\u00fcckblicken: So entstanden im Laufe der Zeit etwa Tracks mit dem &#8222;King of Rap&#8220; Kool Savas oder auch Franky Kubrick. Nachdem er zuletzt mit dem &#8222;Deswaslosis&#8220;-Sampler das Team um ihn herum vorstellte, begibt sich Jifusi nun wieder auf Solopfade. Mit der neuen Single &#8222;Solang&#8220; dr\u00fcckt er seine Liebe zur Rapmusik aus.<br \/>\n<a href=\"http:\/\/www.terrasound.eu\/wordpress\/wp-content\/uploads\/Jifusi Pressemappe 2010.pdf\">Mehr&gt;&gt;<\/a><\/p>\n<table style=\"border-bottom: dotted 1px #424242;\" width=\"100%\">\n<tbody>\n<tr>\n<td><\/td>\n<\/tr>\n<\/tbody>\n<\/table>\n<p>&nbsp;<\/p>\n<table border=\"0\" width=\"100%\" cellspacing=\"20\" cellpadding=\"3\">\n<colgroup span=\"2\" width=\"50%\"><\/colgroup>\n<tbody>\n<tr>\n<td><img decoding=\"async\" class=\"fl\" src=\"http:\/\/www.terrasound.eu\/wordpress\/wp-content\/uploads\/Tommy W Spacepioneer vol 1 .jpg\" alt=\"\" width=\"350\" height=\"350\" \/><\/td>\n<td><a href=\"http:\/\/www.amazon.de\/Spacepioneer-Vol-1-Various\/dp\/B005LE8CTQ\" target=\"_blank\" rel=\"noopener noreferrer\"><img decoding=\"async\" title=\"Amazon\" src=\"http:\/\/www.terrasound.eu\/wordpress\/wp-content\/uploads\/Amazon-.jpg\" alt=\"\" width=\"100\" height=\"30\" \/><\/a><br \/>\n<a href=\"http:\/\/itunes.apple.com\/de\/album\/spacepioneer-vol.-1\/id461822670\" target=\"_blank\" rel=\"noopener noreferrer\"><img decoding=\"async\" title=\"iTunes\" src=\"http:\/\/www.terrasound.eu\/wordpress\/wp-content\/uploads\/iTunes.jpg\" alt=\"\" width=\"100\" height=\"30\" \/><\/a><br \/>\n<a href=\"http:\/\/www.djshop.de\/goto\/ex\/s~searchresults,u~,p1~,p2~4260259320007\/xe\/show.html\" target=\"_blank\" rel=\"noopener noreferrer\"><img decoding=\"async\" title=\"djshop\" src=\"http:\/\/www.terrasound.eu\/wordpress\/wp-content\/uploads\/logo_de_top.png\" alt=\"\" width=\"110\" height=\"35\" \/><\/a><br \/>\n<a href=\"http:\/\/www.digdis.de\/player\/?101021\" target=\"_blank\" rel=\"noopener noreferrer\"><img decoding=\"async\" title=\"dig dis\" src=\"http:\/\/www.terrasound.eu\/wordpress\/wp-content\/uploads\/logo.png\" alt=\"\" width=\"100\" height=\"30\" \/><\/a><\/td>\n<\/tr>\n<\/tbody>\n<\/table>\n<p>\u201eSpacepioneer Vol. 1\u201c ist ein Sampler. Es ist das erste Album von Tommy W. in eigener Regie. Alle Songs sind ausschlie\u00dflich von ihm komponiert und produziert. Die besondere Herausforderung f\u00fcr dieses Album bestand darin: Tommy W. arbeitete f\u00fcr jeden der 13 Songs mit einem anderen Vokalisten zusammen. Sein Musikstil ist in jedem der Songs zu h\u00f6ren, er verbindet live gespielte und programmierte Sounds. Tommys Soul spiegelt sich unverkennbar in seinen R&amp;B und Hip Hop Songs wieder. Textlich l\u00e4sst sich ein roter Faden erkennen. Die 17 verschiedenen Vokalisten zeigen Ihren \u201eBlick aus der Distanz\u201c auf Ihre Weise. Was jeder daraus gemacht hat, ist auf diesem Sampler zu h\u00f6ren. <a href=\"http:\/\/www.terrasound.eu\/wordpress\/wp-content\/uploads\/Info SP vol1 Startseite .pdf\">Mehr&gt;&gt;<\/a><\/p>\n<table style=\"border-bottom: dotted 1px #424242;\" width=\"100%\">\n<tbody>\n<tr>\n<td><\/td>\n<\/tr>\n<\/tbody>\n<\/table>\n<table border=\"0\" width=\"100%\" cellspacing=\"20\" cellpadding=\"3\">\n<colgroup span=\"2\" width=\"50%\"><\/colgroup>\n<tbody>\n<tr>\n<td><img decoding=\"async\" class=\"fl\" src=\"http:\/\/www.terrasound.eu\/wordpress\/wp-content\/uploads\/Sterne-Cover-HP-.jpg\" alt=\"\" width=\"350\" height=\"350\" \/><\/td>\n<td><a href=\"http:\/\/itunes.apple.com\/de\/artist\/tommy-w.\/id461818297\" target=\"_blank\" rel=\"noopener noreferrer\"><img decoding=\"async\" title=\"iTunes\" src=\"http:\/\/www.terrasound.eu\/wordpress\/wp-content\/uploads\/iTunes.jpg\" alt=\"\" width=\"100\" height=\"30\" \/><\/a><br \/>\n<a href=\"http:\/\/www.youtube.com\/terrasoundtv?gl=DE&amp;user=terrasoundtv#p\/a\/u\/1\/gMy8PRovJdI\" target=\"_blank\" rel=\"noopener noreferrer\"><img decoding=\"async\" title=\"YouTube\" src=\"http:\/\/www.terrasound.eu\/wordpress\/wp-content\/uploads\/Youtube Spacehelmet .jpg\" alt=\"\" width=\"100\" height=\"30\" \/><\/a><\/td>\n<\/tr>\n<\/tbody>\n<\/table>\n<p>Seit Freitag, 02.09.2011 ist die Single \u201eSterne\u201c \u2013 Tommy W. feat. Nosliw sowie der Club-Smasher<br \/>\n\u201eGG Starlight Remix\u201c digital auf iTunes erh\u00e4ltlich.<\/p>\n<p>Das Video zur Single \u201eSterne\u201c gibt es auf <a href=\"http:\/\/www.youtube.com\/terrasoundtv?gl=DE&amp;user=terrasoundtv#p\/a\/u\/1\/gMy8PRovJdI\">YouTube <\/a><\/p>\n<p>Unser besonderer Dank geht an Nosliw, den Reggae- und Dancehall-Artist aus Berlin, der eigens f\u00fcr diese Single einen Ausflug in den Soul\/R&amp;B machte und die wundersch\u00f6nen Vocals dazu beigetragen hat. Es war eine sch\u00f6ne Zusammenarbeit mit ihm und wir freuen uns auf mehr.<\/p>\n<p>Bis bald,<br \/>\neuer TerraSound-Team<\/p>\n<p>[\/vc_column_text][\/vc_column][\/vc_row]<\/p>\n<\/section>","protected":false},"excerpt":{"rendered":"<p>[vc_row][vc_column width=&#8220;1\/1&#8243;][vc_column_text] Erschienen auf TerraSound! Innige, positive Musik mit deutschsprachigen Raps \u2013 Samadhi\u2019s erstes Album \u201eAlles&amp;Mehr\u201c besinnt sich auf den [&hellip;]<\/p>\n","protected":false},"author":1,"featured_media":0,"parent":0,"menu_order":0,"comment_status":"closed","ping_status":"closed","template":"","meta":{"footnotes":""},"yoast_head":"<!-- This site is optimized with the Yoast SEO plugin v22.6 - https:\/\/yoast.com\/wordpress\/plugins\/seo\/ -->\n<title>TerraSound - TerraSound Tonstudio Stuttgart<\/title>\n<meta name=\"description\" content=\"Tonstudio TerraSound in Stuttgart. Produzieren Sie Ihr Album\" \/>\n<meta name=\"robots\" content=\"index, follow, max-snippet:-1, max-image-preview:large, max-video-preview:-1\" \/>\n<link rel=\"canonical\" href=\"http:\/\/www.terrasound.eu\/wordpress\/\" \/>\n<meta property=\"og:locale\" content=\"de_DE\" \/>\n<meta property=\"og:type\" content=\"article\" \/>\n<meta property=\"og:title\" content=\"TerraSound - TerraSound Tonstudio Stuttgart\" \/>\n<meta property=\"og:description\" content=\"Tonstudio TerraSound in Stuttgart. Produzieren Sie Ihr Album\" \/>\n<meta property=\"og:url\" content=\"http:\/\/www.terrasound.eu\/wordpress\/\" \/>\n<meta property=\"og:site_name\" content=\"TerraSound Tonstudio Stuttgart\" \/>\n<meta property=\"article:modified_time\" content=\"2019-11-09T18:19:56+00:00\" \/>\n<meta property=\"og:image\" content=\"http:\/\/www.terrasound.eu\/wordpress\/wp-content\/uploads\/iTunes.jpg\" \/>\n<meta name=\"twitter:card\" content=\"summary_large_image\" \/>\n<meta name=\"twitter:label1\" content=\"Gesch\u00e4tzte Lesezeit\" \/>\n\t<meta name=\"twitter:data1\" content=\"4\u00a0Minuten\" \/>\n<script type=\"application\/ld+json\" class=\"yoast-schema-graph\">{\"@context\":\"https:\/\/schema.org\",\"@graph\":[{\"@type\":\"WebPage\",\"@id\":\"http:\/\/www.terrasound.eu\/wordpress\/\",\"url\":\"http:\/\/www.terrasound.eu\/wordpress\/\",\"name\":\"TerraSound - TerraSound Tonstudio Stuttgart\",\"isPartOf\":{\"@id\":\"http:\/\/www.terrasound.eu\/wordpress\/#website\"},\"primaryImageOfPage\":{\"@id\":\"http:\/\/www.terrasound.eu\/wordpress\/#primaryimage\"},\"image\":{\"@id\":\"http:\/\/www.terrasound.eu\/wordpress\/#primaryimage\"},\"thumbnailUrl\":\"http:\/\/www.terrasound.eu\/wordpress\/wp-content\/uploads\/iTunes.jpg\",\"datePublished\":\"2018-12-27T11:39:07+00:00\",\"dateModified\":\"2019-11-09T18:19:56+00:00\",\"description\":\"Tonstudio TerraSound in Stuttgart. Produzieren Sie Ihr Album\",\"breadcrumb\":{\"@id\":\"http:\/\/www.terrasound.eu\/wordpress\/#breadcrumb\"},\"inLanguage\":\"de\",\"potentialAction\":[{\"@type\":\"ReadAction\",\"target\":[\"http:\/\/www.terrasound.eu\/wordpress\/\"]}]},{\"@type\":\"ImageObject\",\"inLanguage\":\"de\",\"@id\":\"http:\/\/www.terrasound.eu\/wordpress\/#primaryimage\",\"url\":\"http:\/\/www.terrasound.eu\/wordpress\/wp-content\/uploads\/iTunes.jpg\",\"contentUrl\":\"http:\/\/www.terrasound.eu\/wordpress\/wp-content\/uploads\/iTunes.jpg\"},{\"@type\":\"BreadcrumbList\",\"@id\":\"http:\/\/www.terrasound.eu\/wordpress\/#breadcrumb\",\"itemListElement\":[{\"@type\":\"ListItem\",\"position\":1,\"name\":\"Startseite\",\"item\":\"http:\/\/www.terrasound.eu\/wordpress\/\"},{\"@type\":\"ListItem\",\"position\":2,\"name\":\"TerraSound\"}]},{\"@type\":\"WebSite\",\"@id\":\"http:\/\/www.terrasound.eu\/wordpress\/#website\",\"url\":\"http:\/\/www.terrasound.eu\/wordpress\/\",\"name\":\"TerraSound Tonstudio\",\"description\":\"\",\"publisher\":{\"@id\":\"http:\/\/www.terrasound.eu\/wordpress\/#organization\"},\"potentialAction\":[{\"@type\":\"SearchAction\",\"target\":{\"@type\":\"EntryPoint\",\"urlTemplate\":\"http:\/\/www.terrasound.eu\/wordpress\/?s={search_term_string}\"},\"query-input\":\"required name=search_term_string\"}],\"inLanguage\":\"de\"},{\"@type\":\"Organization\",\"@id\":\"http:\/\/www.terrasound.eu\/wordpress\/#organization\",\"name\":\"TerraSound Tonstudio\",\"url\":\"http:\/\/www.terrasound.eu\/wordpress\/\",\"logo\":{\"@type\":\"ImageObject\",\"inLanguage\":\"de\",\"@id\":\"http:\/\/www.terrasound.eu\/wordpress\/#\/schema\/logo\/image\/\",\"url\":\"http:\/\/www.terrasound.eu\/wordpress\/wp-content\/uploads\/2018\/12\/Neue-Homepage-1.jpeg\",\"contentUrl\":\"http:\/\/www.terrasound.eu\/wordpress\/wp-content\/uploads\/2018\/12\/Neue-Homepage-1.jpeg\",\"width\":1271,\"height\":630,\"caption\":\"TerraSound Tonstudio\"},\"image\":{\"@id\":\"http:\/\/www.terrasound.eu\/wordpress\/#\/schema\/logo\/image\/\"},\"sameAs\":[\"https:\/\/www.youtube.com\/channel\/UCzWf0xfO65YGOJhV0QBqXgg\/featured\"]}]}<\/script>\n<!-- \/ Yoast SEO plugin. -->","yoast_head_json":{"title":"TerraSound - TerraSound Tonstudio Stuttgart","description":"Tonstudio TerraSound in Stuttgart. Produzieren Sie Ihr Album","robots":{"index":"index","follow":"follow","max-snippet":"max-snippet:-1","max-image-preview":"max-image-preview:large","max-video-preview":"max-video-preview:-1"},"canonical":"http:\/\/www.terrasound.eu\/wordpress\/","og_locale":"de_DE","og_type":"article","og_title":"TerraSound - TerraSound Tonstudio Stuttgart","og_description":"Tonstudio TerraSound in Stuttgart. Produzieren Sie Ihr Album","og_url":"http:\/\/www.terrasound.eu\/wordpress\/","og_site_name":"TerraSound Tonstudio Stuttgart","article_modified_time":"2019-11-09T18:19:56+00:00","og_image":[{"url":"http:\/\/www.terrasound.eu\/wordpress\/wp-content\/uploads\/iTunes.jpg"}],"twitter_card":"summary_large_image","twitter_misc":{"Gesch\u00e4tzte Lesezeit":"4\u00a0Minuten"},"schema":{"@context":"https:\/\/schema.org","@graph":[{"@type":"WebPage","@id":"http:\/\/www.terrasound.eu\/wordpress\/","url":"http:\/\/www.terrasound.eu\/wordpress\/","name":"TerraSound - TerraSound Tonstudio Stuttgart","isPartOf":{"@id":"http:\/\/www.terrasound.eu\/wordpress\/#website"},"primaryImageOfPage":{"@id":"http:\/\/www.terrasound.eu\/wordpress\/#primaryimage"},"image":{"@id":"http:\/\/www.terrasound.eu\/wordpress\/#primaryimage"},"thumbnailUrl":"http:\/\/www.terrasound.eu\/wordpress\/wp-content\/uploads\/iTunes.jpg","datePublished":"2018-12-27T11:39:07+00:00","dateModified":"2019-11-09T18:19:56+00:00","description":"Tonstudio TerraSound in Stuttgart. Produzieren Sie Ihr Album","breadcrumb":{"@id":"http:\/\/www.terrasound.eu\/wordpress\/#breadcrumb"},"inLanguage":"de","potentialAction":[{"@type":"ReadAction","target":["http:\/\/www.terrasound.eu\/wordpress\/"]}]},{"@type":"ImageObject","inLanguage":"de","@id":"http:\/\/www.terrasound.eu\/wordpress\/#primaryimage","url":"http:\/\/www.terrasound.eu\/wordpress\/wp-content\/uploads\/iTunes.jpg","contentUrl":"http:\/\/www.terrasound.eu\/wordpress\/wp-content\/uploads\/iTunes.jpg"},{"@type":"BreadcrumbList","@id":"http:\/\/www.terrasound.eu\/wordpress\/#breadcrumb","itemListElement":[{"@type":"ListItem","position":1,"name":"Startseite","item":"http:\/\/www.terrasound.eu\/wordpress\/"},{"@type":"ListItem","position":2,"name":"TerraSound"}]},{"@type":"WebSite","@id":"http:\/\/www.terrasound.eu\/wordpress\/#website","url":"http:\/\/www.terrasound.eu\/wordpress\/","name":"TerraSound Tonstudio","description":"","publisher":{"@id":"http:\/\/www.terrasound.eu\/wordpress\/#organization"},"potentialAction":[{"@type":"SearchAction","target":{"@type":"EntryPoint","urlTemplate":"http:\/\/www.terrasound.eu\/wordpress\/?s={search_term_string}"},"query-input":"required name=search_term_string"}],"inLanguage":"de"},{"@type":"Organization","@id":"http:\/\/www.terrasound.eu\/wordpress\/#organization","name":"TerraSound Tonstudio","url":"http:\/\/www.terrasound.eu\/wordpress\/","logo":{"@type":"ImageObject","inLanguage":"de","@id":"http:\/\/www.terrasound.eu\/wordpress\/#\/schema\/logo\/image\/","url":"http:\/\/www.terrasound.eu\/wordpress\/wp-content\/uploads\/2018\/12\/Neue-Homepage-1.jpeg","contentUrl":"http:\/\/www.terrasound.eu\/wordpress\/wp-content\/uploads\/2018\/12\/Neue-Homepage-1.jpeg","width":1271,"height":630,"caption":"TerraSound Tonstudio"},"image":{"@id":"http:\/\/www.terrasound.eu\/wordpress\/#\/schema\/logo\/image\/"},"sameAs":["https:\/\/www.youtube.com\/channel\/UCzWf0xfO65YGOJhV0QBqXgg\/featured"]}]}},"_links":{"self":[{"href":"http:\/\/www.terrasound.eu\/wordpress\/wp-json\/wp\/v2\/pages\/73556"}],"collection":[{"href":"http:\/\/www.terrasound.eu\/wordpress\/wp-json\/wp\/v2\/pages"}],"about":[{"href":"http:\/\/www.terrasound.eu\/wordpress\/wp-json\/wp\/v2\/types\/page"}],"author":[{"embeddable":true,"href":"http:\/\/www.terrasound.eu\/wordpress\/wp-json\/wp\/v2\/users\/1"}],"replies":[{"embeddable":true,"href":"http:\/\/www.terrasound.eu\/wordpress\/wp-json\/wp\/v2\/comments?post=73556"}],"version-history":[{"count":21,"href":"http:\/\/www.terrasound.eu\/wordpress\/wp-json\/wp\/v2\/pages\/73556\/revisions"}],"predecessor-version":[{"id":74699,"href":"http:\/\/www.terrasound.eu\/wordpress\/wp-json\/wp\/v2\/pages\/73556\/revisions\/74699"}],"wp:attachment":[{"href":"http:\/\/www.terrasound.eu\/wordpress\/wp-json\/wp\/v2\/media?parent=73556"}],"curies":[{"name":"wp","href":"https:\/\/api.w.org\/{rel}","templated":true}]}}